{"id":16,"date":"2021-01-27T18:00:11","date_gmt":"2021-01-27T17:00:11","guid":{"rendered":"http:\/\/app.konstfack.se\/dis-played\/?page_id=16"},"modified":"2021-02-02T10:00:05","modified_gmt":"2021-02-02T09:00:05","slug":"about","status":"publish","type":"page","link":"https:\/\/app.konstfack.se\/dis-played\/about\/","title":{"rendered":"About"},"content":{"rendered":"<p><img loading=\"lazy\" decoding=\"async\" class=\"aligncenter wp-image-146 size-full\" src=\"https:\/\/app.konstfack.se\/dis-played\/wp-content\/uploads\/DIS_PLAYED_LOGGA_inv.png\" alt=\"displayed_loggo\" width=\"2233\" height=\"315\" srcset=\"https:\/\/app.konstfack.se\/dis-played\/wp-content\/uploads\/DIS_PLAYED_LOGGA_inv.png 2233w, https:\/\/app.konstfack.se\/dis-played\/wp-content\/uploads\/DIS_PLAYED_LOGGA_inv-300x42.png 300w, https:\/\/app.konstfack.se\/dis-played\/wp-content\/uploads\/DIS_PLAYED_LOGGA_inv-1024x144.png 1024w, https:\/\/app.konstfack.se\/dis-played\/wp-content\/uploads\/DIS_PLAYED_LOGGA_inv-768x108.png 768w, https:\/\/app.konstfack.se\/dis-played\/wp-content\/uploads\/DIS_PLAYED_LOGGA_inv-1536x217.png 1536w, https:\/\/app.konstfack.se\/dis-played\/wp-content\/uploads\/DIS_PLAYED_LOGGA_inv-2048x289.png 2048w, https:\/\/app.konstfack.se\/dis-played\/wp-content\/uploads\/DIS_PLAYED_LOGGA_inv-833x118.png 833w, https:\/\/app.konstfack.se\/dis-played\/wp-content\/uploads\/DIS_PLAYED_LOGGA_inv-192x27.png 192w\" sizes=\"auto, (max-width: 2233px) 100vw, 2233px\" \/><\/p>\n<p><img loading=\"lazy\" decoding=\"async\" class=\"aligncenter wp-image-162 size-full\" src=\"https:\/\/app.konstfack.se\/dis-played\/wp-content\/uploads\/arrow-2.png\" alt=\"arrows\" width=\"3500\" height=\"806\" srcset=\"https:\/\/app.konstfack.se\/dis-played\/wp-content\/uploads\/arrow-2.png 3500w, https:\/\/app.konstfack.se\/dis-played\/wp-content\/uploads\/arrow-2-300x69.png 300w, https:\/\/app.konstfack.se\/dis-played\/wp-content\/uploads\/arrow-2-1024x236.png 1024w, https:\/\/app.konstfack.se\/dis-played\/wp-content\/uploads\/arrow-2-768x177.png 768w, https:\/\/app.konstfack.se\/dis-played\/wp-content\/uploads\/arrow-2-1536x354.png 1536w, https:\/\/app.konstfack.se\/dis-played\/wp-content\/uploads\/arrow-2-2048x472.png 2048w, https:\/\/app.konstfack.se\/dis-played\/wp-content\/uploads\/arrow-2-833x192.png 833w, https:\/\/app.konstfack.se\/dis-played\/wp-content\/uploads\/arrow-2-192x44.png 192w\" sizes=\"auto, (max-width: 3500px) 100vw, 3500px\" \/><\/p>\n<p><span style=\"font-weight: 400;\">noun:<\/span><span style=\"font-weight: 400;\"> display.\u00a0<\/span><i><span style=\"font-weight: 400;\">an act or instance of <\/span><\/i><i><span style=\"font-weight: 400;\">displaying<\/span><\/i><i><span style=\"font-weight: 400;\">; exhibition: a <\/span><\/i><i><span style=\"font-weight: 400;\">display<\/span><\/i><i><span style=\"font-weight: 400;\"> of courage. an ostentatious show.\u00a0<\/span><\/i><\/p>\n<p><span style=\"font-weight: 400;\">The current pandemic has caused a shift in how we live and relate. It has caused sorrow and isolation, but also opened up for new alternatives and methods of self-organization. In the absence of external stimulance we have found time and opportunity to look inward, time for reflection. As students at Konstfack: <\/span><i><span style=\"font-weight: 400;\">interior architecture and furniture design bachelor\u00b4s programme<\/span><\/i><span style=\"font-weight: 400;\">, this has meant challenges as well as possibilities to do things differently, to seek new ways to move forward and to communicate &#8211; display &#8211; our work.\u00a0<\/span><\/p>\n<p><span style=\"font-weight: 400;\">We live in a time simultaneously of disruption and play. At Konstfack, we use this experience as a springboard to explore topics such as design, history, psychology, manufacturing, crafts and art, through the creation of physical objects. To show that we can live in a time of display and expression.\u00a0<\/span><\/p>\n<p><span style=\"font-weight: 400;\">In the exhibition Dis-played, you will meet objects where the main role is playfulness and<\/span> <span style=\"font-weight: 400;\">craftsmanship.<\/span> <span style=\"font-weight: 400;\">And where we together show personal expression and versatility.<\/span> <span style=\"font-weight: 400;\">We invite you to a fantasy that is greater than the possibilities and that is displayed for everyone to take part in.\u00a0<\/span><\/p>\n<p>This exhibition is a part of Stockholm Design week 8-14\/2. The event of Stockholm design week is a\u00a0 celebration of Scandinavian design. Link to their website is located in the menu.<\/p>\n<p><i><span style=\"font-weight: 400;\">Amanda Lis-Karin Eriksson, Julia Hager Jutterstr\u00f6m, Kristoffer Knudsen, Stina Larsson, Linn Olsson, Julia Rydbo, Ingrid Segring Bj\u00f6rklund and Louise Tung\u00e5rden: Students in Interior architecture and Furniture design Konstfack.<\/span><\/i><\/p>\n<p><a href=\"https:\/\/koalendar.com\/events\/meet-with-beckmans-konstfack-and-malmstens-at-superellipsen\"><img loading=\"lazy\" decoding=\"async\" class=\"alignleft wp-image-221 size-full\" src=\"https:\/\/app.konstfack.se\/dis-played\/wp-content\/uploads\/BOOK-e1611861426895.png\" alt=\"book_a_visit\" width=\"272\" height=\"50\" srcset=\"https:\/\/app.konstfack.se\/dis-played\/wp-content\/uploads\/BOOK-e1611861426895.png 272w, https:\/\/app.konstfack.se\/dis-played\/wp-content\/uploads\/BOOK-e1611861426895-192x35.png 192w\" sizes=\"auto, (max-width: 272px) 100vw, 272px\" \/><\/a><\/p>\n<p><img loading=\"lazy\" decoding=\"async\" class=\"alignnone wp-image-143 size-thumbnail\" src=\"https:\/\/app.konstfack.se\/dis-played\/wp-content\/uploads\/grafik_arrows_2-e1611865152437-150x150.png\" alt=\"onearrow\" width=\"150\" height=\"150\" \/><\/p>\n<p><img loading=\"lazy\" decoding=\"async\" class=\"alignleft wp-image-616 size-medium\" src=\"https:\/\/app.konstfack.se\/dis-played\/wp-content\/uploads\/poster_51641-210x300.jpg\" alt=\"poster_info\" width=\"210\" height=\"300\" srcset=\"https:\/\/app.konstfack.se\/dis-played\/wp-content\/uploads\/poster_51641-210x300.jpg 210w, https:\/\/app.konstfack.se\/dis-played\/wp-content\/uploads\/poster_51641-717x1024.jpg 717w, https:\/\/app.konstfack.se\/dis-played\/wp-content\/uploads\/poster_51641-768x1097.jpg 768w, https:\/\/app.konstfack.se\/dis-played\/wp-content\/uploads\/poster_51641-1076x1536.jpg 1076w, https:\/\/app.konstfack.se\/dis-played\/wp-content\/uploads\/poster_51641-1434x2048.jpg 1434w, https:\/\/app.konstfack.se\/dis-played\/wp-content\/uploads\/poster_51641-833x1189.jpg 833w, https:\/\/app.konstfack.se\/dis-played\/wp-content\/uploads\/poster_51641-134x192.jpg 134w, https:\/\/app.konstfack.se\/dis-played\/wp-content\/uploads\/poster_51641-scaled.jpg 1793w\" sizes=\"auto, (max-width: 210px) 100vw, 210px\" \/><\/p>\n<p>&nbsp;<\/p>\n<p>&nbsp;<\/p>\n<p>&nbsp;<\/p>\n<p>&nbsp;<\/p>\n<p>&nbsp;<\/p>\n<p>&nbsp;<\/p>\n<p><em>Thanks to our sponsors:<\/em><\/p>\n<p><em> Alviks m\u00e5leributik,\u00a0 Astrid, Byarums bruk, Bromma st\u00e5l, Fagerhult, Svenskt tr\u00e4, Skandilock, J\u00e4rbo garn, M\u00e4ssinteri\u00f6r, T\u00e4rnsj\u00f6 garveri, Dalar\u00f6 Hampa &amp; Milj\u00f6.\u00a0<\/em><\/p>\n","protected":false},"excerpt":{"rendered":"<p>noun: display.\u00a0an act or instance of displaying; exhibition: a display of courage. an ostentatious show.\u00a0 The current pandemic has caused a shift in how we live and relate. It has caused sorrow and isolation, but also opened up for new alternatives and methods of self-organization. In the absence of external stimulance we have found time &hellip; <a href=\"https:\/\/app.konstfack.se\/dis-played\/about\/\" class=\"more-link\">Continue reading <span class=\"screen-reader-text\">About<\/span><\/a><\/p>\n","protected":false},"author":1,"featured_media":0,"parent":0,"menu_order":0,"comment_status":"closed","ping_status":"closed","template":"","meta":{"footnotes":""},"class_list":["post-16","page","type-page","status-publish","hentry"],"_links":{"self":[{"href":"https:\/\/app.konstfack.se\/dis-played\/wp-json\/wp\/v2\/pages\/16","targetHints":{"allow":["GET"]}}],"collection":[{"href":"https:\/\/app.konstfack.se\/dis-played\/wp-json\/wp\/v2\/pages"}],"about":[{"href":"https:\/\/app.konstfack.se\/dis-played\/wp-json\/wp\/v2\/types\/page"}],"author":[{"embeddable":true,"href":"https:\/\/app.konstfack.se\/dis-played\/wp-json\/wp\/v2\/users\/1"}],"replies":[{"embeddable":true,"href":"https:\/\/app.konstfack.se\/dis-played\/wp-json\/wp\/v2\/comments?post=16"}],"version-history":[{"count":15,"href":"https:\/\/app.konstfack.se\/dis-played\/wp-json\/wp\/v2\/pages\/16\/revisions"}],"predecessor-version":[{"id":625,"href":"https:\/\/app.konstfack.se\/dis-played\/wp-json\/wp\/v2\/pages\/16\/revisions\/625"}],"wp:attachment":[{"href":"https:\/\/app.konstfack.se\/dis-played\/wp-json\/wp\/v2\/media?parent=16"}],"curies":[{"name":"wp","href":"https:\/\/api.w.org\/{rel}","templated":true}]}}