{"id":68,"date":"2024-06-24T13:03:42","date_gmt":"2024-06-24T12:03:42","guid":{"rendered":"https:\/\/app.konstfack.se\/dgs2025\/?page_id=68"},"modified":"2025-06-18T13:26:53","modified_gmt":"2025-06-18T12:26:53","slug":"programme","status":"publish","type":"page","link":"https:\/\/app.konstfack.se\/dgs2025\/programme\/","title":{"rendered":"Programme"},"content":{"rendered":"\n<figure class=\"wp-block-image alignfull size-full\"><img loading=\"lazy\" decoding=\"async\" width=\"8000\" height=\"1626\" src=\"https:\/\/app.konstfack.se\/dgs2025\/wp-content\/uploads\/2024\/06\/DGS-25_Banner_3.png\" alt=\"\" class=\"wp-image-232\" srcset=\"https:\/\/app.konstfack.se\/dgs2025\/wp-content\/uploads\/2024\/06\/DGS-25_Banner_3.png 8000w, https:\/\/app.konstfack.se\/dgs2025\/wp-content\/uploads\/2024\/06\/DGS-25_Banner_3-300x61.png 300w, https:\/\/app.konstfack.se\/dgs2025\/wp-content\/uploads\/2024\/06\/DGS-25_Banner_3-1024x208.png 1024w, https:\/\/app.konstfack.se\/dgs2025\/wp-content\/uploads\/2024\/06\/DGS-25_Banner_3-768x156.png 768w, https:\/\/app.konstfack.se\/dgs2025\/wp-content\/uploads\/2024\/06\/DGS-25_Banner_3-1536x312.png 1536w, https:\/\/app.konstfack.se\/dgs2025\/wp-content\/uploads\/2024\/06\/DGS-25_Banner_3-2048x416.png 2048w\" sizes=\"auto, (max-width: 8000px) 100vw, 8000px\" \/><\/figure>\n\n\n\n<div style=\"height:var(--wp--preset--spacing--50)\" aria-hidden=\"true\" class=\"wp-block-spacer\"><\/div>\n\n\n\n<h2 class=\"wp-block-heading has-simsun-font-family has-large-font-size\"><strong>Programme<\/strong><\/h2>\n\n\n\n<p class=\"has-simsun-font-family\">The programme will be updated until 17th of June.<\/p>\n\n\n\n<p class=\"has-simsun-font-family\">Last updated: 2025-06-16<\/p>\n\n\n\n<p class=\"has-simsun-font-family\">To find out more details about each session, please browse the Book of Abstracts. <\/p>\n\n\n\n<div class=\"wp-block-file\"><a id=\"wp-block-file--media-bb0a9f9f-be04-48f2-96fd-efba919609e1\" href=\"https:\/\/app.konstfack.se\/dgs2025\/wp-content\/uploads\/2025\/06\/Book-of-Abstracts-1.pdf\" target=\"_blank\" rel=\"noreferrer noopener\">Book of Abstracts<\/a><\/div>\n\n\n\n<div style=\"height:16px\" aria-hidden=\"true\" class=\"wp-block-spacer\"><\/div>\n\n\n\n<figure class=\"wp-block-table has-simsun-font-family\"><table class=\"has-fixed-layout\"><thead><tr><th><strong>Day 1<\/strong><\/th><\/tr><\/thead><tbody><tr><td><strong>08.30-9:30.45 Registration &#8211; Location: Vita havet<\/strong><\/td><\/tr><tr><td><strong>09.30-10.00 Welcome &#8211; Location: Svarta havet<\/strong><\/td><\/tr><tr><td><strong>10.00-10.45 KEYNOTE 1<\/strong> <strong>H\u00e9l\u00e8ne Frichot &#8211;&nbsp;Location: Svarta havet<\/strong><\/td><\/tr><tr><td><strong>10.45-11.00 Break<\/strong><\/td><\/tr><tr><td><strong>11.00-12.30 PARALLEL SESSION 1<\/strong><br><strong>Panel 1: Transversal Colors &#8211; Location: S1<\/strong><br>\u2022 Chun-Mei Chuang, Catherine Ju-Yu Cheng, Ching-yeh Hsu<br><strong>Performance Lecture 1: Ecology, Geology, Anthropocene &#8211; Location: Svarta havet <\/strong><br>\u2022 Marietta Radomska, Ralf Gisinger<br><strong>Performance Lecture 2: Performing philosophy &#8211; Location: Mandelgren<\/strong> <br>\u2022 Alex Wai-Lok Lo, Melinda Russial, Marcia Nemer<br><strong>Paper Session 1: Affect, Pedagogy &#8211; Location: S2 <\/strong><br>\u2022 Joanna Dennis, Michaela Harrison, Maria Kristina B\u00f6reb\u00e4ck<br><strong>Paper Session 2: Cultural Materialities &#8211; Location: S3 <\/strong><br>\u2022 Gert van der Merwe, semin erkenez, Angelos Chiotis<br><strong>Paper Session 3: Artificial Intelligence &#8211; Location: S6 <\/strong><br>\u2022 Nicholas McIntosh, Mikkel R\u00f8rbo<br><strong>Workshop 1 &#8211; Location: S7-8 <\/strong><br>\u2022 \u00darsula Maplehurst<\/td><\/tr><tr><td><strong>12.30-13.30 Lunch &#8211; Location: Caf\u00e9 Glasklart<\/strong><\/td><\/tr><tr><td><strong>13.30-15.00 <strong>PARALLEL SESSION<\/strong> 2<\/strong><br><strong>Mini-symposium 1: Acknowledging Shared Desire &#8211; Location:&nbsp;Mandelgren <\/strong><br>\u2022 Hsiao-fang Chang, Willemien Stephni Bruwer, Ivana Lovrin\u010devi\u0107&nbsp;<br><strong>Performance Lecture 3: Lines of Learning &#8211; Location: Svarta havet<\/strong><br>\u2022 Justina Garbauskaite-Jakimovska, Aspasia Dania, Zea Miller<br><strong>Paper Session 4: Deleuze AND<sub><sup>&#8230;<\/sup><\/sub> &#8211; Location: S2<\/strong><br>\u2022 Chung-Hsiung Lai, Hamed Movahedi, Cezary Rudnicki<br><strong>Paper Session 5: ontology and concept &#8211; Location: S3<\/strong><br>\u2022 Y\u00fc-Chieh T&#8217;AO, Koichiro Kokubun, Luis Armando Hern\u00e1ndez Cuevas<br><strong>Paper Session 6: Affect \/ Materiality &#8211; Location: S4 <\/strong><br><strong>\u2022 <\/strong>Silke Panse, Alain Guillemain, Leighton Upson<br><strong>Workshop 2&nbsp; &#8211; Location: S6<\/strong><br><strong>\u2022 <\/strong>Ravid Rovner<br><strong>Physical Activation 1 &#8211; Location: Zickerman<\/strong><br><strong>\u2022 <\/strong>Mona T\u00e4rk<\/td><\/tr><tr><td><strong>15.00-15.30 Break \u2018Swedish fika\u2019- Location: TBA<\/strong><\/td><\/tr><tr><td><strong>15.30-16.15 <strong>KEYNOTE<\/strong> 2 Chantelle Grey &#8211;&nbsp; Location: Svarta havet<\/strong><\/td><\/tr><tr><td><strong>16.15-16.30 Break<\/strong><br><strong>Performance 1: inflection &#8211; Location: Seminariegatan<\/strong><br><strong>\u2022 <\/strong>Camilla Johansson B\u00e4cklund<\/td><\/tr><tr><td><strong>16.30-17.30 <strong>PARALLEL SESSION<\/strong> 3<\/strong><br><strong>Performance Lecture 4: Becoming-pedagogue-y &#8211; Location: S1<\/strong><br><strong>\u2022 <\/strong>Mona Tynkkinen, Hanna Heinonen<br><strong>Paper Session 7: Subjectivities in Crises &#8211; Location: Svarta havet<\/strong><br><strong>\u2022 <\/strong>Lilly Markaki, Joff P. N. Bradley&nbsp;<br><strong>Workshop 3 &#8211; Location: S4<\/strong><br><strong>\u2022 <\/strong>Megan Poe, Jen DeNike, Barbara von Portatius<strong><br>Workshop 4 &#8211; Location: S2<\/strong><br>\u2022 Alexander Brauer<strong><br>Workshop 5 &#8211; Location: S3&nbsp;&nbsp;<\/strong><br>\u2022 Lena Galanopoulou, Ivana Lovrin\u010devi\u0107&nbsp;&nbsp;<strong>&nbsp;&nbsp;&nbsp;&nbsp;&nbsp;&nbsp;&nbsp;&nbsp;&nbsp;&nbsp;&nbsp;&nbsp;&nbsp;&nbsp;&nbsp;&nbsp;&nbsp;&nbsp;&nbsp;&nbsp;&nbsp;<br>Physical Activation 2 &#8211; Location: Zickerman<\/strong><br><strong>\u2022 <\/strong>Shanni Sunny Tsai<strong><br>Performance 2: <strong>Our freedom is incomplete Havet<\/strong> &#8211; Location: Vita havet\/Seminariegatan<\/strong><br><strong>\u2022 <\/strong>Samira Jamouchi<strong><br>Poster Presentation 1 &#8211; Location: Biblioteksgatan<\/strong><br><strong>\u2022 <\/strong>Aida Kairien\u0117,&nbsp;Mario Liong, Tiina Lempinen &amp; Kaisu Alamikkel\u00e4, Thomas Maltby, Joakim Laine, Anastasiya Ansteeg, Marina Stavrou<\/td><\/tr><tr><td><strong>17.30 Drink Evening <\/strong>by Edinburgh University Press and Release of special issue \u201cA Deleuzian Life, A People to Come\u201d Deleuze Studies Journal<\/td><\/tr><\/tbody><\/table><\/figure>\n\n\n\n<div style=\"height:100px\" aria-hidden=\"true\" class=\"wp-block-spacer\"><\/div>\n\n\n\n<figure class=\"wp-block-table has-simsun-font-family\"><table class=\"has-fixed-layout\"><thead><tr><th>Day 2<\/th><\/tr><\/thead><tbody><tr><td><strong>9.00-10.30 <strong>PARALLEL SESSION<\/strong> 4<\/strong><br><strong>Panel 2: Considerations of Control Society &#8211; Location: Svarta havet<\/strong><br>\u2022 Ian Buchanan, Georgia Gibbs<br><strong>Performance Lecture 5: And<strong><sub><sup>&#8230;<\/sup><\/sub><\/strong>and<strong><sub><sup>&#8230;<\/sup><\/sub><\/strong>and &#8211; Location: Mandelgren<\/strong><br><strong>\u2022 <\/strong>Vincenzo Antonio Fusco, Marc Boumeester, Karl Joosep Pihel<br><strong>Paper Session 8: Pedagogy AND Deleuze &#8211; Location: S1<\/strong><br><strong>\u2022 <\/strong>Halbe Kuipers, Grant Brown, So Yeon Lee<br><strong>Paper Session 9: Deleuze And<strong><sub><sup>&#8230;<\/sup><\/sub><\/strong><\/strong> <strong>planes of thinking &#8211; Location:S2<\/strong><br><strong>\u2022 <\/strong>Brent Adkins, Louise Burchill, Maximilian-Frederic Margreiter<br><strong>Paper Session 10: Difference &#8211; Location: S3<\/strong><br><strong>\u2022 <\/strong>Kayla Clark, Sotiria Ismini Gounari, Halit Evrim Bayindir<br><strong>Paper Session 11: Desire AND &#8211; Location: S4<\/strong><br><strong>\u2022 <\/strong>Tolulope Onabolu, Alfredo Ramos, Mine Sak<br><strong>Workshop 6 &#8211; Location: S6<\/strong><br><strong>\u2022 <\/strong>Tomas Pernecky<br><strong>Workshop 7 &#8211; Location: S7-8<\/strong><br><strong>\u2022 <\/strong>Balint Barabas Szigeti, Kadence Neill<\/td><\/tr><tr><td><strong>10.30-10.45 Break<\/strong><\/td><\/tr><tr><td><strong>10.45-11.45 <strong>KEYNOTE<\/strong> 3 Anna Hickey-Moody &#8211; Location: Svarta havet<\/strong><\/td><\/tr><tr><td><strong>11.45-13 Lunch &#8211; Location: Caf\u00e9 Glasklart<\/strong><\/td><\/tr><tr><td><strong>13-14.30 <strong>PARALLEL SESSION<\/strong> 5<br>Panel 3: Time and the Pedagogy of Cinema &#8211; Location: Mandelgren<\/strong><br><strong>\u2022 <\/strong>David R. Cole, Joff P. N. Bradley, Masayuki Iwase<strong><br>Performance Lecture 6: Becomings In Situ &#8211; Location: Svarta havet<\/strong><br><strong>\u2022 <\/strong>Felix Birch\u00a0<strong><br>Paper Session 12: Aesthetic Sensibility &#8211; Location: S1<\/strong><br><strong>\u2022 <\/strong>George Themistokleous\u00a0, Marina Stavrou, Lena Galanopoulou<strong><br>Paper Session 13: Virtual Bodies\u00a0 &#8211; Location: S2<\/strong><br><strong>\u2022 <\/strong>CHE PAI, James Emery, Sebastian Hsien-hao Liao<strong><br>Paper Session 14: Joyful Plateaus &#8211; Location: S7-8<\/strong><br><strong>\u2022 <\/strong>Matthew Tiessen, Lydia Amir, Philip Pihl<strong><br>Workshop 8-9: NOTE Research Study &#8211; Location: S4 and S5<\/strong><br><strong>\u2022 <\/strong>Johanna Enger<strong><br>Workshop 10 &#8211; Location: S6<\/strong><br><strong>\u2022 <\/strong>Charlotte Grum, Tine Jensen\u00a0<\/td><\/tr><tr><td><strong>14.30-15.00 Break<\/strong> <strong>\u00b4Tusen\/Thousand\u00b4<\/strong><\/td><\/tr><tr><td><strong>15-16.30 <strong>PARALLEL SESSION<\/strong> 6<br>Film Screening: The Tuber + Paper Presentation &#8211; Location: Svarta havet<\/strong><br><strong>\u2022 <\/strong>Lucas Camargo de Barros, Fabian Vivar<strong><br>Panel 4: Philosophy (as) worlding (as) pedagogy: cosmo-logics of sense and the limits of thought &#8211; Location:\u00a0 S1<\/strong><br><strong>\u2022 <\/strong>Sara Gelao, Xinyi Zheng <strong><br>Performance Lecture 7: Material assemblages &#8211; Location: Mandelgren<\/strong><br><strong>\u2022 <\/strong>Th\u00e9r\u00e8se Gr\u00e4ff, Tero Nauha, Nabiha Ghani &amp; Zoha Tahira<strong><br>Paper Session 15: <strong> Becoming AND<\/strong> &#8211; Location: S2<\/strong><br><strong>\u2022<\/strong> Lilija Duobliene, Eve Wang, Allen Chiu<strong><br>Paper Session 16: Technology, Subjectivity &#8211; Location: S3\u00a0\u00a0<\/strong><br><strong>\u2022 <\/strong>Cera Y. J. Tan, Maurizio Baez, Eivind R\u00f8ssaak<strong><br>Paper Session 17: Pedagogy AND &#8211; Location: S4<\/strong><br><strong>\u2022 <\/strong>Winship Varner, Jan Jagodzinski, Elisabeth Fransson &amp; Cathrine Grimsgaard\u00a0<strong><br>Workshop 11 &#8211; Location: S6<\/strong><br><strong>\u2022 <\/strong>Rachael Gittins<\/td><\/tr><tr><td><strong>16.30-16.45 Break<\/strong><\/td><\/tr><tr><td><strong>16.45-17.45 <strong>PARALLEL SESSION<\/strong> 7<br>Mini-symposium 2: Pedagogical Pratices &#8211; Location:&nbsp;S4<\/strong><br><strong>\u2022 <\/strong>Bosse Bergstedt, Kevin Siefert<strong><br>Workshop 12 &#8211; Location: A3<\/strong><br><strong>\u2022 <\/strong>Katja Aglert<strong><br>Workshop 13 &#8211; Location: S3<\/strong><br><strong>\u2022 <\/strong>Caroline Elgh<strong><br>Physical Activation 3 &#8211; Location: Zickerman<\/strong><br><strong>\u2022 <\/strong>Israel Aloni&nbsp;<strong><br>Physical Activation 4 &#8211; Location: Studion<\/strong><br><strong>\u2022 <\/strong>Kajsa Wadhia, Tove Salmgren, Moa Franz\u00e9n&nbsp;<strong><br>Poster Presentation 2 &#8211; Location: Biblioteksgatan<\/strong><br><strong>\u2022 <\/strong>Aida Kairien\u0117,&nbsp;Mario Liong, Tiina Lempinen, Thomas Maltby, Joakim Laine, Anastasiya Ansteeg, Marina Stavrou<\/td><\/tr><tr><td><strong>18.00 Dinner Event &#8211; Location: Caf\u00e9 Glasklart<\/strong><\/td><\/tr><\/tbody><\/table><\/figure>\n\n\n\n<div style=\"height:100px\" aria-hidden=\"true\" class=\"wp-block-spacer\"><\/div>\n\n\n\n<figure class=\"wp-block-table has-simsun-font-family\"><table class=\"has-fixed-layout\"><thead><tr><th><strong>Day 3<\/strong><\/th><\/tr><\/thead><tbody><tr><td><strong>9.00-10.00 <strong>KEYNOTE<\/strong> 4 <strong>Liselott Mariett Ol<\/strong>sson &#8211; Location: Svarta havet<\/strong><\/td><\/tr><tr><td><strong>10.00-10.15 Break<\/strong><\/td><\/tr><tr><td><b>10.15-11.45 <\/b><strong style=\"font-weight: bold;\">PARALLEL SESSION<\/strong>S<strong> 8<br>Paper Session 18: Making sense in education &#8211;  Location: Svarta havet<\/strong><br><strong>\u2022 <\/strong>Alan Schrift, S Peter Lee <strong><br>Performance Lecture 8: Moving bodies &#8211; Location: Mandelgren <\/strong><br><strong>\u2022 <\/strong>Aragorn Eloff, Iddo Dickmann, Christoph Hubatschke<strong><br>Paper Session 19: Time &#8211; Location: S2<\/strong><br><strong>\u2022 <\/strong>Tamkin Hussain, Yu-Cheng Cheng, Alexandru-Vasile Sava<strong><br>Paper Session 20: minor subjectivations &#8211; Location: S3<\/strong><br><strong>\u2022 <\/strong>Camilo Rios &amp; Maribel Vargas, Mathieu Watrelot, Symon Palmer<strong><br>Paper Session 21: <strong>Crisis, Conflicts and Ethical dilemmas<\/strong> &#8211; Location: S4<\/strong><br><strong>\u2022 <\/strong>Audron\u0117 \u017dukauskait\u0117, Sarah Evans<strong><br>Workshop 14 &#8211; Location: S6<\/strong><br><strong>\u2022 <\/strong>Sarkkunan Viswanathan&nbsp;<strong><br>Performance 3: Tender motor &#8211; Location: S5<\/strong><br><strong>\u2022 <\/strong>Tove Salmgren, Moa Franz\u00e9n, Kajsa Wadhia<\/td><\/tr><tr><td><strong>11.45-12.45 Lunch &#8211; Location: Caf\u00e9 Glasklart <\/strong><\/td><\/tr><tr><td><strong>12.45-13.00 DGS26 Athens &#8211; Location: Svarta havet<\/strong><\/td><\/tr><tr><td><strong>13.00-14.00 <strong>KEYNOTE<\/strong> 5 Bernd Herzogenrath &#8211; Location: Svarta havet<\/strong><\/td><\/tr><tr><td><strong>14.00-14.15 Break<\/strong><\/td><\/tr><tr><td><strong>14.15-15.45 <strong style=\"font-weight: bold;\">PARALLEL SESSION<\/strong> 9<br>Panel 5: Ornamental Affirmations &#8211; Location: S1<\/strong><br><strong>\u2022 <\/strong>Jakub M\u00e1cha, Michaela Fi\u0161erov\u00e1, Corry Shores, Tereza Slukov\u00e1<strong><br>Performance Lecture 9: Languages of nonsense &#8211; Location: Svarta havet<\/strong><br><strong>\u2022 <\/strong>Loren Adams, Ludwig Drosch, Sophie Publig<strong>\u00a0\u00a0<br>Paper Session 22: Deleuze and Music &#8211; Location: Mandelgren<\/strong><br><strong>\u2022 <\/strong>Jonas Asplund, Arno Titovs, Samantha Bankston &amp; performance by <br>H\u00e5kan Julander<strong><br>Paper Session 23: Teaching and Learning and<sub><sup>&#8230;<\/sup><\/sub> &#8211; Location: S3<\/strong><br><strong>\u2022 <\/strong>Laimute Kodiene, Simonetta Moro, Aleksandra Panic<strong><br>Paper Session 24: Assemblages &#8211; Location: S4<\/strong><br><strong>\u2022 <\/strong>Kat Capel, Zooey Ziller, Ott Puumeister<strong><br>Workshop 15 &#8211; Location: S2<\/strong><br><strong>\u2022 <\/strong>Jonas Alwall, Chrysogonus Siddha Malilang, &amp; Alexander Brauer, Annika Hellman, Ewa Berg<strong><br>Workshop 16 &#8211; Location: S6<\/strong><br><strong>\u2022 <\/strong>Gabriele Laffranchi<strong><br>Physical Activation 5 &#8211; Location: Zickerman<\/strong><br><strong>\u2022 <\/strong>Maria Kristina B\u00f6reb\u00e4ck<\/td><\/tr><tr><td><strong>15.45-16.00 Break<\/strong><\/td><\/tr><tr><td><strong>16.00-16.30 Plenary: Collective Closing Session &#8211; Location: Svarta havet<\/strong><\/td><\/tr><\/tbody><\/table><\/figure>\n\n\n\n<p><\/p>\n","protected":false},"excerpt":{"rendered":"<p>Programme The programme will be updated until 17th of June. Last updated: 2025-06-16 To find out more details about each session, please browse the Book of Abstracts. Day 1 08.30-9:30.45 Registration &#8211; Location: Vita havet 09.30-10.00 Welcome &#8211; Location: Svarta havet 10.00-10.45 KEYNOTE 1 H\u00e9l\u00e8ne Frichot &#8211;&nbsp;Location: Svarta havet 10.45-11.00 Break 11.00-12.30 PARALLEL SESSION 1Panel [&hellip;]<\/p>\n","protected":false},"author":1,"featured_media":0,"parent":0,"menu_order":0,"comment_status":"closed","ping_status":"closed","template":"page-no-title","meta":{"footnotes":""},"class_list":["post-68","page","type-page","status-publish","hentry"],"_links":{"self":[{"href":"https:\/\/app.konstfack.se\/dgs2025\/wp-json\/wp\/v2\/pages\/68","targetHints":{"allow":["GET"]}}],"collection":[{"href":"https:\/\/app.konstfack.se\/dgs2025\/wp-json\/wp\/v2\/pages"}],"about":[{"href":"https:\/\/app.konstfack.se\/dgs2025\/wp-json\/wp\/v2\/types\/page"}],"author":[{"embeddable":true,"href":"https:\/\/app.konstfack.se\/dgs2025\/wp-json\/wp\/v2\/users\/1"}],"replies":[{"embeddable":true,"href":"https:\/\/app.konstfack.se\/dgs2025\/wp-json\/wp\/v2\/comments?post=68"}],"version-history":[{"count":72,"href":"https:\/\/app.konstfack.se\/dgs2025\/wp-json\/wp\/v2\/pages\/68\/revisions"}],"predecessor-version":[{"id":657,"href":"https:\/\/app.konstfack.se\/dgs2025\/wp-json\/wp\/v2\/pages\/68\/revisions\/657"}],"wp:attachment":[{"href":"https:\/\/app.konstfack.se\/dgs2025\/wp-json\/wp\/v2\/media?parent=68"}],"curies":[{"name":"wp","href":"https:\/\/api.w.org\/{rel}","templated":true}]}}