{"id":509,"date":"2025-04-02T10:24:40","date_gmt":"2025-04-02T09:24:40","guid":{"rendered":"https:\/\/app.konstfack.se\/dgs2025\/?page_id=509"},"modified":"2025-04-02T10:25:57","modified_gmt":"2025-04-02T09:25:57","slug":"abstract-liselottmariettolsson","status":"publish","type":"page","link":"https:\/\/app.konstfack.se\/dgs2025\/abstract-liselottmariettolsson\/","title":{"rendered":"Keynote Abstract Liselott Mariett Olsson"},"content":{"rendered":"\n<figure class=\"wp-block-image alignfull size-full\"><img loading=\"lazy\" decoding=\"async\" width=\"8000\" height=\"1626\" src=\"https:\/\/app.konstfack.se\/dgs2025\/wp-content\/uploads\/2024\/06\/DGS-25_Banner_3.png\" alt=\"\" class=\"wp-image-232\" srcset=\"https:\/\/app.konstfack.se\/dgs2025\/wp-content\/uploads\/2024\/06\/DGS-25_Banner_3.png 8000w, https:\/\/app.konstfack.se\/dgs2025\/wp-content\/uploads\/2024\/06\/DGS-25_Banner_3-300x61.png 300w, https:\/\/app.konstfack.se\/dgs2025\/wp-content\/uploads\/2024\/06\/DGS-25_Banner_3-1024x208.png 1024w, https:\/\/app.konstfack.se\/dgs2025\/wp-content\/uploads\/2024\/06\/DGS-25_Banner_3-768x156.png 768w, https:\/\/app.konstfack.se\/dgs2025\/wp-content\/uploads\/2024\/06\/DGS-25_Banner_3-1536x312.png 1536w, https:\/\/app.konstfack.se\/dgs2025\/wp-content\/uploads\/2024\/06\/DGS-25_Banner_3-2048x416.png 2048w\" sizes=\"auto, (max-width: 8000px) 100vw, 8000px\" \/><\/figure>\n\n\n\n<p class=\"has-simsun-font-family has-large-font-size\" style=\"font-style:normal;font-weight:700\">Abstract Liselott Mariett Olsson<\/p>\n\n\n\n<p class=\"has-simsun-font-family\" style=\"font-style:normal;font-weight:700\">Keynote talk<\/p>\n\n\n\n<p class=\"has-simsun-font-family has-medium-font-size\" style=\"font-style:normal;font-weight:700\">Equitable Encounters Between Pedagogy and Philosophy for Joyful Aesthetic Literacy-Events in Early Childhood Education and Care<\/p>\n\n\n\n<p class=\"has-simsun-font-family\">In what is conventionally known as the Western world, the relation between philosophy and pedagogy has historically been of a most intimate kind. This is of course the case for all scientific disciplines that have their origin in philosophy. However, \u201cnow that they are grown up and well established\u201d (Deleuze 2004:23), how to conceive this relationship?<\/p>\n\n\n\n<p class=\"has-simsun-font-family\">In the first part of this presentation, the question is explored in relation to Anglo-American and Continental traditions of Pedagogy and against the background of increasing political pressure to conform to purely cognitive and disembodied teaching and learning of language (SOU 2024:81). I show how such conformation implies a historical break with an aesthetic dimension in Early Childhood Education and Care (ECEC) that joins<em> heart, hand and head<\/em> in literacy pedagogies and philosophies (Dewey 1934; Pestalozzi 1827). I argue for the need to <em>both<\/em> identify the specificity of pedagogical and philosophical knowledge-traditions <em>and<\/em> establish equitable encounters, where they can enrichen each other and jointly counteract the current political \u201caesthetic divide\u201d between body and mind in early childhood literacy.<\/p>\n\n\n\n<p class=\"has-simsun-font-family\">In the second part, the question is pursued through joining Deleuze and Guattari\u2019s Bergson-inspired logic of sense and aesthetics (Bergson 1896; Deleuze 1969; Guattari 1992; Deleuze &amp; Guattari 1980) with the pedagogical notion of \u201caesthetic literacy-events\u201d (Olsson &amp; Lecusay 2023). I demonstrate how this encounter can be conceptualized, and I propose that this makes it possible to theoretically argue for more vital literacy practices in ECEC.<\/p>\n\n\n\n<p class=\"has-simsun-font-family\">In the third and final part, the question is followed up at the level of ECEC practice. I present results from two research projects on literacy, conducted in collaboration with children, preschool teachers and artists; and I claim that equitable encounters between the here activated philosophical, pedagogical and artistic resources also lead to more equitable, and joyful, early childhood literacy education.<\/p>\n\n\n\n<p class=\"has-simsun-font-family\">REFERENCES<\/p>\n\n\n\n<p class=\"has-simsun-font-family\">Bergson, Henri, <em>Mati\u00e8re et m\u00e9moire: essai sur la relation du corps \u00e0 l\u2019esprit<\/em> (1896); transl. <em>Matter and Memory. <\/em>New York, Zone Books 1988.<\/p>\n\n\n\n<p class=\"has-simsun-font-family\">Deleuze, Gilles, <em>Bergson, 1859-1941<\/em>, dans D. Lapoujade (\u00e9d.) <em>L&#8217;\u00eele d\u00e9serte et autres textes: Textes et entretiens 1953-1974 <\/em>(2002); transl. <em>Bergson, 1859-1941<\/em>, in D. Lapoujade (ed.)<em> Desert Islands and other texts<\/em>,Los Angeles &amp; New York, Semiotext(e) 2004.<\/p>\n\n\n\n<p class=\"has-simsun-font-family\">Deleuze Gilles, <em>Logique du sens<\/em> (1969); transl. <em>The Logic of Sense<\/em>, Columbia University Press, New York 1990.<\/p>\n\n\n\n<p class=\"has-simsun-font-family\">Deleuze Gilles, Guattari F\u00e9lix, <em>Mille Plateaux. Capitalisme et schizophr\u00e9nie 2<\/em> (1980); transl. <em>A Thousand Plateaus. Capitalism and Schizophrenia<\/em>, University of Minnesota Press, Minneapolis-London 1987.<\/p>\n\n\n\n<p class=\"has-simsun-font-family\">Dewey, John, <em>Art as experience<\/em>, New York, Perigee Books 1934.<\/p>\n\n\n\n<p class=\"has-simsun-font-family\">Guattari, F\u00e9lix, <em>Chaosmose<\/em> (1992); transl. <em>Chaosmosis \u2013 an ethico-aesthetic <\/em>paradigm, Indiana University Press, Bloomington &amp; Indianapolis 1995.<\/p>\n\n\n\n<p class=\"has-simsun-font-family\">Olsson, Liselott Mariett, Lecusay, Robert <em>From proof-of-concept to scale in the study of aesthetic literacy-events for cognitive language-development and equitable and inclusive early childhood education and care: Designing a research program<\/em>,Research proposal, Swedish Research Council 2023.<\/p>\n\n\n\n<p class=\"has-simsun-font-family\">Pestalozzi, Johann Friedrich, <em>Letters on Early Education: Addressed to J.P. <\/em>Greaves, London, Sherwood, Gilbert and Piper 1827.<\/p>\n\n\n\n<p class=\"has-simsun-font-family\">SOU (2024:81) <em>Bet\u00e4nkande om utredningen \u00c4mneskunskaper och l\u00e4rarskicklighet \u2013 en reformerad l\u00e4rarutbildning<\/em>. Offentlig utredning. Stockholm: Utbildningsdepartementet (Governmental Investigation suggesting a new scientific base for teacher-education in The Sciences of Reading, consisting of cognitive science and one method, Phonics, for learning and teaching language).<\/p>\n","protected":false},"excerpt":{"rendered":"<p>Abstract Liselott Mariett Olsson Keynote talk Equitable Encounters Between Pedagogy and Philosophy for Joyful Aesthetic Literacy-Events in Early Childhood Education and Care In what is conventionally known as the Western world, the relation between philosophy and pedagogy has historically been of a most intimate kind. This is of course the case for all scientific disciplines [&hellip;]<\/p>\n","protected":false},"author":1,"featured_media":0,"parent":0,"menu_order":0,"comment_status":"closed","ping_status":"closed","template":"page-no-title","meta":{"footnotes":""},"class_list":["post-509","page","type-page","status-publish","hentry"],"_links":{"self":[{"href":"https:\/\/app.konstfack.se\/dgs2025\/wp-json\/wp\/v2\/pages\/509","targetHints":{"allow":["GET"]}}],"collection":[{"href":"https:\/\/app.konstfack.se\/dgs2025\/wp-json\/wp\/v2\/pages"}],"about":[{"href":"https:\/\/app.konstfack.se\/dgs2025\/wp-json\/wp\/v2\/types\/page"}],"author":[{"embeddable":true,"href":"https:\/\/app.konstfack.se\/dgs2025\/wp-json\/wp\/v2\/users\/1"}],"replies":[{"embeddable":true,"href":"https:\/\/app.konstfack.se\/dgs2025\/wp-json\/wp\/v2\/comments?post=509"}],"version-history":[{"count":3,"href":"https:\/\/app.konstfack.se\/dgs2025\/wp-json\/wp\/v2\/pages\/509\/revisions"}],"predecessor-version":[{"id":513,"href":"https:\/\/app.konstfack.se\/dgs2025\/wp-json\/wp\/v2\/pages\/509\/revisions\/513"}],"wp:attachment":[{"href":"https:\/\/app.konstfack.se\/dgs2025\/wp-json\/wp\/v2\/media?parent=509"}],"curies":[{"name":"wp","href":"https:\/\/api.w.org\/{rel}","templated":true}]}}